{"id":85,"date":"2025-01-31T02:24:31","date_gmt":"2025-01-31T02:24:31","guid":{"rendered":"https:\/\/portal.aleviansiklopedisi.com\/?page_id=85"},"modified":"2025-04-09T21:52:03","modified_gmt":"2025-04-09T21:52:03","slug":"yayim-sureci-ve-taraflarin-haklari","status":"publish","type":"page","link":"https:\/\/portal.aleviansiklopedisi.com\/fr\/yayim-sureci-ve-taraflarin-haklari\/","title":{"rendered":"Processus de publication et droits des parties"},"content":{"rendered":"<div data-elementor-type=\"wp-page\" data-elementor-id=\"85\" class=\"elementor elementor-85\" data-elementor-post-type=\"page\">\n\t\t\t\t<div class=\"elementor-element elementor-element-41699fd e-flex e-con-boxed e-con e-parent\" data-id=\"41699fd\" data-element_type=\"container\" data-e-type=\"container\">\n\t\t\t\t\t<div class=\"e-con-inner\">\n\t\t\t\t<div class=\"elementor-element elementor-element-95ebbd0 elementor-widget elementor-widget-heading\" data-id=\"95ebbd0\" data-element_type=\"widget\" data-e-type=\"widget\" data-widget_type=\"heading.default\">\n\t\t\t\t<div class=\"elementor-widget-container\">\n\t\t\t\t\t<h2 class=\"elementor-heading-title elementor-size-default\">Processus de publication et droits des parties<\/h2>\t\t\t\t<\/div>\n\t\t\t\t<\/div>\n\t\t\t\t<div class=\"elementor-element elementor-element-78d548c elementor-widget elementor-widget-text-editor\" data-id=\"78d548c\" data-element_type=\"widget\" data-e-type=\"widget\" data-widget_type=\"text-editor.default\">\n\t\t\t\t<div class=\"elementor-widget-container\">\n\t\t\t\t\t\t\t\t\t<p style=\"text-align: center;\"><strong>Etik Kurallar, Haklar ve Sorumluluklar<\/strong><\/p><p style=\"text-align: left;\" class=\" translation-block\">Bir maddenin Alevi Ansiklopedisi\u2019nde yay\u0131nlanmas\u0131 yazarlar\u0131n ve Alevi Ansiklopedisinin kar\u015f\u0131l\u0131kl\u0131 sorumlulu\u011funda yap\u0131lmaktad\u0131r. <b>Alevi Ansiklopedisi Yay\u0131n Kurulu, Yazarlar,<\/b> ve <b>Hakemler <\/b>olmak \u00fczere, yay\u0131n s\u00fcrecinin ilgili t\u00fcm taraflar\u0131 i\u00e7in a\u015fa\u011f\u0131da \u00e7er\u00e7evesi \u00e7izilen bilimsel kriterlere uygunluk ve etik davran\u0131\u015f standartlar\u0131na uymakla y\u00fck\u00fcml\u00fcd\u00fcrler.<\/p><p style=\"text-align: left;\" class=\" translation-block\"><b>Okurlar<\/b>, Alevi Ansiklopedisinin esas hedef kitlesi olarak, yay\u0131nlanan maddelerin ve genel olarak yay\u0131nc\u0131l\u0131\u011f\u0131n denetlenmesi, de\u011ferlendirilmesi, geli\u015ftirilmesi gibi konularda fikirleriyle katk\u0131 sunar. Okurlar\u0131n ele\u015ftirileri ve \u00f6nerileri, ba\u015fta <b>Alevi Ansiklopedisi Yay\u0131n Kurulu<\/b> olmak \u00fczere, <b>yazarlar <\/b>ve <b>Alevi Ansiklopedi Koordinasyon Kurulu<\/b> i\u00e7in temel bir k\u0131lavuzdur.<\/p><p style=\"text-align: center;\"><strong>Yay\u0131n Kurulunun G\u00f6revleri ve Haklar\u0131<\/strong><\/p><p>1) Alevi Ansiklopedisi Yay\u0131n Kurulu, madde i\u00e7eriklerinin yay\u0131nlanmas\u0131nda<\/p><p style=\"padding-left: 40px;\">(a) Alevi Ansiklopedisi\u2019nin kapsam ve hedeflerine uygunlu\u011fu,<\/p><p style=\"padding-left: 40px;\">(b) yaz\u0131m ilkelerine uygunlu\u011fu,<\/p><p style=\"padding-left: 40px;\">(c) etik kurallara uygunlu\u011fu ve<\/p><p style=\"padding-left: 40px;\">(d) okuyucular i\u00e7in ge\u00e7erlili\u011fi ve \u00f6nemi gibi kriterleri g\u00f6zeterek, hangi i\u00e7eri\u011fin yay\u0131nlanaca\u011f\u0131na karar vermekten sorumludur.<\/p><p>2) Alevi Ansiklopedisi Yay\u0131n Kurulu, reddedilen bir madde i\u00e7eri\u011finin hangi nedenlerle uygun bulunmad\u0131\u011f\u0131n\u0131 yazar\u0131na yaz\u0131l\u0131 olarak beyan etmek zorundad\u0131r. Reddedilen i\u00e7erikler hi\u00e7bir bi\u00e7imde kamuoyuyla veya \u00fc\u00e7\u00fcnc\u00fc taraflarla payla\u015f\u0131lamaz. Bu i\u00e7eriklerdeki bilgi ve materyaller, yazar\u0131n izni olmadan hi\u00e7bir \u015fekilde kullan\u0131lamaz. Bu s\u00fcre\u00e7lerde elde edilen bilgiler, yazar hakk\u0131 gere\u011fi gizli tutulur.<\/p><p>3) Alevi Ansiklopedisi Yay\u0131n Kurulu, etik, dinsel, siyasi, ekonomik ve benzeri \u00e7e\u015fitli sebeplerle \u00e7\u0131kar \u00e7at\u0131\u015fmas\u0131 (conflict of interest) ya\u015fad\u0131klar\u0131 madde i\u00e7eriklerini de\u011ferlendirmekten ka\u00e7\u0131nmal\u0131d\u0131r.<\/p><p>4) Alevi Ansiklopedisi Yay\u0131n Kurulu, kendi bilgi ve uzmanl\u0131\u011f\u0131n\u0131 a\u015fan durumlarda, alan\u0131nda yetkin akademisyenlerden, entelekt\u00fcellerden ve ara\u015ft\u0131rmac\u0131lardan yaz\u0131l\u0131 olarak \u201chakem g\u00f6r\u00fc\u015f\u00fc\u201d talep edebilir.<\/p><p>5) Alevi Ansiklopedisi Yay\u0131n Kurulu, yazarlar\u0131n cinsiyeti, cinsel y\u00f6nelimi, dini inanc\u0131, etnik k\u00f6keni, vatanda\u015fl\u0131\u011f\u0131 veya siyasi felsefesi gibi unsurlara bakmaks\u0131z\u0131n, g\u00f6nderilen madde i\u00e7eri\u011fine ve Alevi Ansiklopedisi&#8217;ne uygunlu\u011funa g\u00f6re de\u011ferlendirmelidir.<\/p><p>6) Alevi Ansiklopedisi Yay\u0131n Kurulu, yazarlar\u0131n ki\u015fisel haklar\u0131na sayg\u0131 g\u00f6sterir. Yazar bilgileri, g\u00f6nderilen maddelerin i\u00e7eri\u011fi, hakem s\u00fcre\u00e7leri, bu s\u00fcre\u00e7lerdeki tart\u0131\u015fmalar, hakem bilgileri ve benzeri t\u00fcm editoryal s\u00fcre\u00e7lere ili\u015fkin bilgiler hi\u00e7bir bi\u00e7imde a\u00e7\u0131k ya da dolayl\u0131 yollarla payla\u015f\u0131lamaz.<\/p><p>7) Alevi Ansiklopedisi Yay\u0131n Kurulu, yay\u0131nlanm\u0131\u015f bir madde hakk\u0131nda gelen etik i\u00e7erikli \u015fikayetler durumunda, yazar(lar)la irtibata ge\u00e7meli, \u015fikayeti ara\u015ft\u0131rmal\u0131 ve gerekirse d\u00fczeltmeler yap\u0131lmas\u0131n\u0131 sa\u011flamal\u0131d\u0131r. Ayr\u0131ca, konuyu hakemlere ta\u015f\u0131mak ve\/veya gerekirse maddeyi geri \u00e7ekmek gibi \u00e7e\u015fitli tedbirlerle bu t\u00fcr s\u00fcre\u00e7leri sonu\u00e7land\u0131rmal\u0131d\u0131r.<\/p><p>8) Alevi Ansiklopedisi Yay\u0131n Kurulu, \u00fczerinde tart\u0131\u015fma olan maddeler i\u00e7in farkl\u0131 perspektiflerden madde giri\u015flerini te\u015fvik etmelidir.<\/p><p>9) Alevi Ansiklopedisi Yay\u0131n Kurulu ile t\u00fcm yazarlar aras\u0131ndaki ileti\u015fim ve hakemlik s\u00fcre\u00e7leri \u00e7evrimi\u00e7i ortamda ar\u015fivlenir.<\/p><p style=\"text-align: center;\"><strong>Yazarlar\u0131n G\u00f6revleri ve Haklar\u0131<\/strong><\/p><p>1) Yazarlar, haz\u0131rlad\u0131klar\u0131 maddelerin i\u00e7eri\u011finden do\u011frudan sorumludur.<\/p><p>2) Ansiklopediye g\u00f6nderilen i\u00e7erikler, yazarlar\u0131 taraf\u0131ndan intihalden uzak, akademik kurallara uygun, referanslarla desteklenmi\u015f, yanl\u0131\u015f bilgi i\u00e7ermeyen ve orijinal \u00e7al\u0131\u015fmalar olarak taahh\u00fct edilmi\u015f say\u0131l\u0131r.<\/p><p>3) Yazarlar\u0131n, g\u00f6nderdikleri i\u00e7eriklerin kendi alan \u00e7al\u0131\u015fmalar\u0131na dayand\u0131\u011f\u0131 durumda, bu \u00e7al\u0131\u015fmalar hakk\u0131nda ayr\u0131nt\u0131l\u0131 ve denetlenebilir veriler payla\u015fmalar\u0131 beklenir.<\/p><p>4) Yazarlar, daha \u00f6nce dijital platformlarda ya da matbu eserlerde yer alm\u0131\u015f yaz\u0131lar\u0131n\u0131 madde i\u00e7erikleri olarak kullanabilirler. Bu durumda, yaz\u0131m kurallar\u0131na uygun olarak bu i\u00e7erikler yeniden d\u00fczenlenmeli, g\u00fcncellenmeli ve daha \u00f6nce yay\u0131nland\u0131\u011f\u0131 kaynaklar a\u00e7\u0131k\u00e7a belirtilmelidir.<\/p><p>5) Yazarlar, g\u00f6nderdikleri i\u00e7eriklerin sonu\u00e7lar\u0131n\u0131 veya yorumlar\u0131n\u0131 etkileyebilecek her t\u00fcrl\u00fc ekonomik, siyasi veya di\u011fer \u00f6nemli \u00e7at\u0131\u015fma (conflict of interest) durumunu beyan etmelidir.<\/p><p>6) Yazarlar, haz\u0131rlad\u0131klar\u0131 i\u00e7eriklerde ayr\u0131mc\u0131, d\u0131\u015flay\u0131c\u0131, yarg\u0131lay\u0131c\u0131, cinsiyet\u00e7i vb. i\u00e7eriklere hi\u00e7bir \u015fekilde yer veremezler.<\/p><p>7) Yazarlar yay\u0131nlanm\u0131\u015f maddelerinin i\u00e7erikleri \u00fczerinde d\u00fczeltme yapabilirler. Yap\u0131lan d\u00fczeltme bilgisi, ansiklopedi sayfas\u0131nda g\u00fcncelleme notu olarak belirtilir.<\/p><p>8) Yazarlar daha \u00f6nce yay\u0131nlanm\u0131\u015f bir madde hakk\u0131nda alternatif bir i\u00e7erik haz\u0131rlayabilirler. Alevi Ansiklopedisi Alevili\u011fin yorum ve pratik \u00e7e\u015fitlili\u011fini kapsamak amac\u0131yla ayn\u0131 maddede birden fazla i\u00e7erik giri\u015fini desteklemektedir.<\/p><p>9) Yay\u0131nlanm\u0131\u015f madde i\u00e7eriklerinin telif hakk\u0131 Alevi Ansiklopedisi\u2019ne aittir.<\/p><p>10) Yazarlar kulland\u0131klar\u0131 g\u00f6rsel ve i\u015fitsel materyalin telif haklar\u0131ndan ve bu konuda do\u011fabilecek anla\u015fmazl\u0131k ve hukuki s\u00fcre\u00e7lerden do\u011frudan kendileri sorumludur.<\/p><p>11) Yazarlar, kullanacaklar\u0131 g\u00f6rsel ve i\u015fitsel materyalin \u00f6zg\u00fcnl\u00fc\u011f\u00fcn\u00fc taahh\u00fct etmi\u015f say\u0131l\u0131rlar.<\/p><p>12) \u0130nternet ortam\u0131nda ve\/veya daha \u00f6nce matbu eserlerde kullan\u0131lm\u0131\u015f g\u00f6rseller, kaynak g\u00f6sterme ko\u015fuluyla, kullan\u0131labilir.<\/p><p>13) Madde i\u00e7erikleriyle birlikte, iste\u011fe ba\u011fl\u0131 olarak, en fazla 3 resim, (JPEG format\u0131nda, \u00e7\u00f6z\u00fcn\u00fcrl\u00fck 1200 x 1200) eklenebilir.<\/p><p>14) Yazarlar mahlas kullanamazlar, ger\u00e7ek isimlerini ve (tercihen) titrlerini kullanmal\u0131d\u0131rlar.<\/p><p style=\"text-align: center;\"><strong>Hakemlerin G\u00f6revleri ve Haklar\u0131<\/strong><\/p><p class=\" translation-block\">1) Hakemler, Alevi Ansiklopedisi Yay\u0131n Kurulu\u2019nun gelen bir madde i\u00e7eri\u011fini de\u011ferlendirmede yetersiz kald\u0131\u011f\u0131, etik sebeplerle de\u011ferlendiremedi\u011fi veya yay\u0131nlanm\u0131\u015f bir madde i\u00e7in gelen itirazlar durumunda konuya dair uzman<br>g\u00f6r\u00fc\u015f\u00fcne, bilgi ve deneyimine ba\u015fvurulan ki\u015filerdir. Hakemler, \u00f6ncelikle Alevi Ansiklopedisi Bilimsel Dan\u0131\u015fma Kurulu \u00fcyeleri aras\u0131ndan belirlenir. Gerekli durumlarda, hakemler, konuyla ilgili yetkinli\u011fi tan\u0131nm\u0131\u015f di\u011fer akademisyenlerden ve ara\u015ft\u0131rmac\u0131lardan se\u00e7ilebilir.<\/p><p>2) Alevi Ansiklopedisi Yay\u0131n Kurulu, hakem g\u00f6r\u00fc\u015f\u00fcne ihtiya\u00e7 duyulan konuyu, ilgili ekleriyle birlikte, yaz\u0131l\u0131 olarak iletmek durumundad\u0131r.<\/p><p>3) Hakemler, Alevi ansiklopedisi\u2019nin yaz\u0131m ilkeleri, yay\u0131n eti\u011fi ve genel kapsam ve ama\u00e7lar\u0131 \u00e7er\u00e7evesinde, kendilerine sunulan madde i\u00e7eriklerinin de\u011ferlendirmesini yaz\u0131l\u0131 olarak en ge\u00e7 2 ay i\u00e7erisinde yay\u0131n kuruluna iletmelidir.<\/p><p>4) Hakemler kendileriyle payla\u015f\u0131lan madde i\u00e7eriklerini, yazar\u0131n izni olmadan kullanamazlar ve\/veya kamuoyuyla payla\u015famazlar. Hakemler, kendilerine teslim edilen i\u00e7eriklerden sorumludurlar.<\/p><p>5) Hakemler, etik ya da \u00e7e\u015fitli sebeplerle \u00e7at\u0131\u015fma (conflict of interest) ya\u015fad\u0131klar\u0131 durumlarda, kendilerine sunulan i\u00e7erikleri incelemekten ka\u00e7\u0131nmal\u0131d\u0131rlar.<\/p><p>6) Hakemler, editoryal kararlara katk\u0131da bulunarak yazarlar\u0131n makalelerini geli\u015ftirmelerine yard\u0131mc\u0131 olmal\u0131 ve bilimsel ilkelere sad\u0131k kalmal\u0131d\u0131r. \u0130ncelemeler, objektif, a\u00e7\u0131k ve desteklenmi\u015f arg\u00fcmanlarla yap\u0131lmal\u0131; ki\u015fisel ele\u015ftiriler i\u00e7ermemeli ve yap\u0131c\u0131 olmal\u0131d\u0131r.<\/p>\t\t\t\t\t\t\t\t<\/div>\n\t\t\t\t<\/div>\n\t\t\t\t\t<\/div>\n\t\t\t\t<\/div>\n\t\t\t\t<\/div>","protected":false},"excerpt":{"rendered":"<p>Etik Kurallar, Haklar ve Sorumluluklar Bir maddenin Alevi Ansiklopedisi\u2019nde yay\u0131nlanmas\u0131 yazarlar\u0131n ve Alevi Ansiklopedisinin kar\u015f\u0131l\u0131kl\u0131 sorumlulu\u011funda yap\u0131lmaktad\u0131r. Alevi Ansiklopedisi Yay\u0131n [&hellip;]<\/p>\n","protected":false},"author":38,"featured_media":0,"parent":0,"menu_order":0,"comment_status":"closed","ping_status":"closed","template":"","meta":{"_acf_changed":false,"site-sidebar-layout":"default","site-content-layout":"","ast-site-content-layout":"default","site-content-style":"default","site-sidebar-style":"default","ast-global-header-display":"","ast-banner-title-visibility":"","ast-main-header-display":"","ast-hfb-above-header-display":"","ast-hfb-below-header-display":"","ast-hfb-mobile-header-display":"","site-post-title":"","ast-breadcrumbs-content":"","ast-featured-img":"","footer-sml-layout":"","ast-disable-related-posts":"","theme-transparent-header-meta":"","adv-header-id-meta":"","stick-header-meta":"","header-above-stick-meta":"","header-main-stick-meta":"","header-below-stick-meta":"","astra-migrate-meta-layouts":"default","ast-page-background-enabled":"default","ast-page-background-meta":{"desktop":{"background-color":"var(--ast-global-color-5)","background-image":"","background-repeat":"repeat","background-position":"center center","background-size":"auto","background-attachment":"scroll","background-type":"","background-media":"","overlay-type":"","overlay-color":"","overlay-opacity":"","overlay-gradient":""},"tablet":{"background-color":"","background-image":"","background-repeat":"repeat","background-position":"center center","background-size":"auto","background-attachment":"scroll","background-type":"","background-media":"","overlay-type":"","overlay-color":"","overlay-opacity":"","overlay-gradient":""},"mobile":{"background-color":"","background-image":"","background-repeat":"repeat","background-position":"center center","background-size":"auto","background-attachment":"scroll","background-type":"","background-media":"","overlay-type":"","overlay-color":"","overlay-opacity":"","overlay-gradient":""}},"ast-content-background-meta":{"desktop":{"background-color":"var(--ast-global-color-4)","background-image":"","background-repeat":"repeat","background-position":"center center","background-size":"auto","background-attachment":"scroll","background-type":"","background-media":"","overlay-type":"","overlay-color":"","overlay-opacity":"","overlay-gradient":""},"tablet":{"background-color":"var(--ast-global-color-4)","background-image":"","background-repeat":"repeat","background-position":"center center","background-size":"auto","background-attachment":"scroll","background-type":"","background-media":"","overlay-type":"","overlay-color":"","overlay-opacity":"","overlay-gradient":""},"mobile":{"background-color":"var(--ast-global-color-4)","background-image":"","background-repeat":"repeat","background-position":"center center","background-size":"auto","background-attachment":"scroll","background-type":"","background-media":"","overlay-type":"","overlay-color":"","overlay-opacity":"","overlay-gradient":""}},"footnotes":""},"class_list":["post-85","page","type-page","status-publish","hentry"],"acf":[],"_links":{"self":[{"href":"https:\/\/portal.aleviansiklopedisi.com\/fr\/wp-json\/wp\/v2\/pages\/85","targetHints":{"allow":["GET"]}}],"collection":[{"href":"https:\/\/portal.aleviansiklopedisi.com\/fr\/wp-json\/wp\/v2\/pages"}],"about":[{"href":"https:\/\/portal.aleviansiklopedisi.com\/fr\/wp-json\/wp\/v2\/types\/page"}],"author":[{"embeddable":true,"href":"https:\/\/portal.aleviansiklopedisi.com\/fr\/wp-json\/wp\/v2\/users\/38"}],"replies":[{"embeddable":true,"href":"https:\/\/portal.aleviansiklopedisi.com\/fr\/wp-json\/wp\/v2\/comments?post=85"}],"version-history":[{"count":0,"href":"https:\/\/portal.aleviansiklopedisi.com\/fr\/wp-json\/wp\/v2\/pages\/85\/revisions"}],"wp:attachment":[{"href":"https:\/\/portal.aleviansiklopedisi.com\/fr\/wp-json\/wp\/v2\/media?parent=85"}],"curies":[{"name":"wp","href":"https:\/\/api.w.org\/{rel}","templated":true}]}}